{"id":152,"date":"2021-12-05T20:33:43","date_gmt":"2021-12-05T20:33:43","guid":{"rendered":"https:\/\/asvanyviz.hu\/?page_id=152"},"modified":"2021-12-06T21:59:26","modified_gmt":"2021-12-06T21:59:26","slug":"forrasvizek","status":"publish","type":"page","link":"https:\/\/asvanyviz.hu\/index.php\/forrasvizek\/","title":{"rendered":"Forr\u00e1svizek"},"content":{"rendered":"\n<div class=\"wp-block-columns\">\n<div class=\"wp-block-column\">\n<figure class=\"wp-block-image size-full is-resized is-style-default\"><img loading=\"lazy\" src=\"https:\/\/asvanyviz.hu\/wp-content\/uploads\/2021\/12\/Szent_Tamas_forras_Tata.jpg\" alt=\"\" class=\"wp-image-221\" width=\"330\" height=\"248\" srcset=\"https:\/\/asvanyviz.hu\/wp-content\/uploads\/2021\/12\/Szent_Tamas_forras_Tata.jpg 440w, https:\/\/asvanyviz.hu\/wp-content\/uploads\/2021\/12\/Szent_Tamas_forras_Tata-300x225.jpg 300w\" sizes=\"(max-width: 330px) 100vw, 330px\" \/><figcaption><strong><em>Szent Tam\u00e1s forr\u00e1s <a href=\"https:\/\/hu.wikipedia.org\/wiki\/Tata\">Tata<\/a><\/em><\/strong><\/figcaption><\/figure>\n<\/div>\n\n\n\n<div class=\"wp-block-column\">\n<figure class=\"wp-block-image size-full is-resized\"><img loading=\"lazy\" src=\"https:\/\/asvanyviz.hu\/wp-content\/uploads\/2021\/12\/A_Hideg-kut_forras_a_Gerecseben.jpg\" alt=\"\" class=\"wp-image-238\" width=\"330\" height=\"248\" srcset=\"https:\/\/asvanyviz.hu\/wp-content\/uploads\/2021\/12\/A_Hideg-kut_forras_a_Gerecseben.jpg 440w, https:\/\/asvanyviz.hu\/wp-content\/uploads\/2021\/12\/A_Hideg-kut_forras_a_Gerecseben-300x225.jpg 300w\" sizes=\"(max-width: 330px) 100vw, 330px\" \/><figcaption><strong><em>Hideg-k\u00fat forr\u00e1s Gerecse<\/em><\/strong><\/figcaption><\/figure>\n\n\n\n<p><\/p>\n<\/div>\n<\/div>\n\n\n\n<div class=\"wp-block-columns\">\n<div class=\"wp-block-column\">\n<figure class=\"wp-block-image size-full is-resized\"><img loading=\"lazy\" src=\"https:\/\/asvanyviz.hu\/wp-content\/uploads\/2021\/12\/Nagy-forras.jpg\" alt=\"\" class=\"wp-image-226\" width=\"330\" height=\"248\" srcset=\"https:\/\/asvanyviz.hu\/wp-content\/uploads\/2021\/12\/Nagy-forras.jpg 440w, https:\/\/asvanyviz.hu\/wp-content\/uploads\/2021\/12\/Nagy-forras-300x225.jpg 300w\" sizes=\"(max-width: 330px) 100vw, 330px\" \/><figcaption><strong><em>Nagy-forr\u00e1s M\u00e1tra<\/em><\/strong><\/figcaption><\/figure>\n<\/div>\n\n\n\n<div class=\"wp-block-column\">\n<figure class=\"wp-block-image size-full is-resized is-style-default\"><img loading=\"lazy\" src=\"https:\/\/asvanyviz.hu\/wp-content\/uploads\/2021\/12\/Farkas-kut.jpg\" alt=\"\" class=\"wp-image-228\" width=\"330\" height=\"248\" srcset=\"https:\/\/asvanyviz.hu\/wp-content\/uploads\/2021\/12\/Farkas-kut.jpg 440w, https:\/\/asvanyviz.hu\/wp-content\/uploads\/2021\/12\/Farkas-kut-300x225.jpg 300w\" sizes=\"(max-width: 330px) 100vw, 330px\" \/><figcaption><em><strong>Farkas-k\u00fat. <a href=\"https:\/\/hu.wikipedia.org\/wiki\/M%C3%A1tra\">M\u00e1t<\/a><\/strong><\/em><a href=\"https:\/\/hu.wikipedia.org\/wiki\/M%C3%A1tra\"><strong>ra<\/strong><\/a><\/figcaption><\/figure>\n<\/div>\n<\/div>\n\n\n\n<div class=\"wp-block-columns\">\n<div class=\"wp-block-column\">\n<figure class=\"wp-block-image size-full is-resized\"><img loading=\"lazy\" src=\"https:\/\/asvanyviz.hu\/wp-content\/uploads\/2021\/12\/A_Szep_Ilonka-forras_a_Vertesben.jpg\" alt=\"\" class=\"wp-image-235\" width=\"330\" height=\"248\" srcset=\"https:\/\/asvanyviz.hu\/wp-content\/uploads\/2021\/12\/A_Szep_Ilonka-forras_a_Vertesben.jpg 440w, https:\/\/asvanyviz.hu\/wp-content\/uploads\/2021\/12\/A_Szep_Ilonka-forras_a_Vertesben-300x225.jpg 300w\" sizes=\"(max-width: 330px) 100vw, 330px\" \/><figcaption><strong><em>Sz\u00e9p Ilonka-forr\u00e1s V\u00e9rtes<\/em><\/strong><\/figcaption><\/figure>\n\n\n\n<p><\/p>\n\n\n\n<p><\/p>\n\n\n\n<p>BARANYA MEGYE:<\/p>\n<\/div>\n\n\n\n<div class=\"wp-block-column\">\n<figure class=\"wp-block-image size-full is-resized\"><img loading=\"lazy\" src=\"https:\/\/asvanyviz.hu\/wp-content\/uploads\/2021\/12\/Szikla-forras-1.jpg\" alt=\"\" class=\"wp-image-240\" width=\"358\" height=\"252\" srcset=\"https:\/\/asvanyviz.hu\/wp-content\/uploads\/2021\/12\/Szikla-forras-1.jpg 424w, https:\/\/asvanyviz.hu\/wp-content\/uploads\/2021\/12\/Szikla-forras-1-300x212.jpg 300w\" sizes=\"(max-width: 358px) 100vw, 358px\" \/><figcaption><strong><em>Szikla-forr\u00e1s Szalajka-v\u00f6lgy<\/em><\/strong><\/figcaption><\/figure>\n<\/div>\n<\/div>\n\n\n\n<figure class=\"wp-block-table is-style-stripes\"><table class=\"has-fixed-layout\"><tbody><tr><td class=\"has-text-align-center\" data-align=\"center\"><strong>Forr\u00e1s neve<\/strong><\/td><td class=\"has-text-align-center\" data-align=\"center\"><strong>Telep\u00fcl\u00e9s<\/strong><\/td><td class=\"has-text-align-center\" data-align=\"center\"><strong>Fogyaszt\u00e9sra val\u00f3 alkalmass\u00e1g<\/strong><\/td><\/tr><tr><td class=\"has-text-align-center\" data-align=\"center\">Aligv\u00e1r-forr\u00e1s<\/td><td class=\"has-text-align-center\" data-align=\"center\"><a href=\"https:\/\/hu.wikipedia.org\/wiki\/Boldogasszonyfa\">Boldogasszonyfa<\/a>&#8211;<a href=\"https:\/\/hu.wikipedia.org\/wiki\/Terecseny\">Terecseny<\/a><\/td><td class=\"has-text-align-center\" data-align=\"center\">Fogyaszt\u00e1sra nem alkalmas<\/td><\/tr><tr><td class=\"has-text-align-center\" data-align=\"center\">Alm\u00e1s-forr\u00e1s<\/td><td class=\"has-text-align-center\" data-align=\"center\"><a href=\"https:\/\/hu.wikipedia.org\/wiki\/Almamell%C3%A9k\">Almamell\u00e9k<\/a>-Sasr\u00e9t<\/td><td class=\"has-text-align-center\" data-align=\"center\">Fogyaszt\u00e1sra nem alkalmas<\/td><\/tr><tr><td class=\"has-text-align-center\" data-align=\"center\"><\/td><td class=\"has-text-align-center\" data-align=\"center\"><\/td><td class=\"has-text-align-center\" data-align=\"center\"><\/td><\/tr><tr><td class=\"has-text-align-center\" data-align=\"center\"><\/td><td class=\"has-text-align-center\" data-align=\"center\"><\/td><td class=\"has-text-align-center\" data-align=\"center\"><\/td><\/tr><tr><td class=\"has-text-align-center\" data-align=\"center\"><\/td><td class=\"has-text-align-center\" data-align=\"center\"><\/td><td class=\"has-text-align-center\" data-align=\"center\"><\/td><\/tr><tr><td class=\"has-text-align-center\" data-align=\"center\"><\/td><td class=\"has-text-align-center\" data-align=\"center\"><\/td><td class=\"has-text-align-center\" data-align=\"center\"><\/td><\/tr><tr><td class=\"has-text-align-center\" data-align=\"center\"><\/td><td class=\"has-text-align-center\" data-align=\"center\"><\/td><td class=\"has-text-align-center\" data-align=\"center\"><\/td><\/tr><tr><td class=\"has-text-align-center\" data-align=\"center\"><\/td><td class=\"has-text-align-center\" data-align=\"center\"><\/td><td class=\"has-text-align-center\" data-align=\"center\"><\/td><\/tr><tr><td class=\"has-text-align-center\" data-align=\"center\"><\/td><td class=\"has-text-align-center\" data-align=\"center\"><\/td><td class=\"has-text-align-center\" data-align=\"center\"><\/td><\/tr><tr><td class=\"has-text-align-center\" data-align=\"center\"><\/td><td class=\"has-text-align-center\" data-align=\"center\"><\/td><td class=\"has-text-align-center\" data-align=\"center\"><\/td><\/tr><tr><td class=\"has-text-align-center\" data-align=\"center\"><\/td><td class=\"has-text-align-center\" data-align=\"center\"><\/td><td class=\"has-text-align-center\" data-align=\"center\"><\/td><\/tr><tr><td class=\"has-text-align-center\" data-align=\"center\"><\/td><td class=\"has-text-align-center\" data-align=\"center\"><\/td><td class=\"has-text-align-center\" data-align=\"center\"><\/td><\/tr><tr><td class=\"has-text-align-center\" data-align=\"center\"><\/td><td class=\"has-text-align-center\" data-align=\"center\"><\/td><td class=\"has-text-align-center\" data-align=\"center\"><\/td><\/tr><tr><td class=\"has-text-align-center\" data-align=\"center\"><\/td><td class=\"has-text-align-center\" data-align=\"center\"><\/td><td class=\"has-text-align-center\" data-align=\"center\"><\/td><\/tr><tr><td class=\"has-text-align-center\" data-align=\"center\"><\/td><td class=\"has-text-align-center\" data-align=\"center\"><\/td><td class=\"has-text-align-center\" data-align=\"center\"><\/td><\/tr><tr><td class=\"has-text-align-center\" data-align=\"center\"><\/td><td class=\"has-text-align-center\" data-align=\"center\"><\/td><td class=\"has-text-align-center\" data-align=\"center\"><\/td><\/tr><tr><td class=\"has-text-align-center\" data-align=\"center\"><\/td><td class=\"has-text-align-center\" data-align=\"center\"><\/td><td class=\"has-text-align-center\" data-align=\"center\"><\/td><\/tr><tr><td class=\"has-text-align-center\" data-align=\"center\"><\/td><td class=\"has-text-align-center\" data-align=\"center\"><\/td><td class=\"has-text-align-center\" data-align=\"center\"><\/td><\/tr><tr><td class=\"has-text-align-center\" data-align=\"center\"><\/td><td class=\"has-text-align-center\" data-align=\"center\"><\/td><td class=\"has-text-align-center\" data-align=\"center\"><\/td><\/tr><tr><td class=\"has-text-align-center\" data-align=\"center\"><\/td><td class=\"has-text-align-center\" data-align=\"center\"><\/td><td class=\"has-text-align-center\" data-align=\"center\"><\/td><\/tr><tr><td class=\"has-text-align-center\" data-align=\"center\"><\/td><td class=\"has-text-align-center\" data-align=\"center\"><\/td><td class=\"has-text-align-center\" data-align=\"center\"><\/td><\/tr><tr><td class=\"has-text-align-center\" data-align=\"center\"><\/td><td class=\"has-text-align-center\" data-align=\"center\"><\/td><td class=\"has-text-align-center\" data-align=\"center\"><\/td><\/tr><tr><td class=\"has-text-align-center\" data-align=\"center\"><\/td><td class=\"has-text-align-center\" data-align=\"center\"><\/td><td class=\"has-text-align-center\" data-align=\"center\"><\/td><\/tr><tr><td class=\"has-text-align-center\" data-align=\"center\"><\/td><td class=\"has-text-align-center\" data-align=\"center\"><\/td><td class=\"has-text-align-center\" data-align=\"center\"><\/td><\/tr><tr><td class=\"has-text-align-center\" data-align=\"center\"><\/td><td class=\"has-text-align-center\" data-align=\"center\"><\/td><td class=\"has-text-align-center\" data-align=\"center\"><\/td><\/tr><tr><td class=\"has-text-align-center\" data-align=\"center\"><\/td><td class=\"has-text-align-center\" data-align=\"center\"><\/td><td class=\"has-text-align-center\" data-align=\"center\"><\/td><\/tr><tr><td class=\"has-text-align-center\" data-align=\"center\"><\/td><td class=\"has-text-align-center\" data-align=\"center\"><\/td><td class=\"has-text-align-center\" data-align=\"center\"><\/td><\/tr><tr><td class=\"has-text-align-center\" data-align=\"center\"><\/td><td class=\"has-text-align-center\" data-align=\"center\"><\/td><td class=\"has-text-align-center\" data-align=\"center\"><\/td><\/tr><tr><td class=\"has-text-align-center\" data-align=\"center\"><\/td><td class=\"has-text-align-center\" data-align=\"center\"><\/td><td class=\"has-text-align-center\" data-align=\"center\"><\/td><\/tr><tr><td class=\"has-text-align-center\" data-align=\"center\"><\/td><td class=\"has-text-align-center\" data-align=\"center\"><\/td><td class=\"has-text-align-center\" data-align=\"center\"><\/td><\/tr><tr><td class=\"has-text-align-center\" data-align=\"center\"><\/td><td class=\"has-text-align-center\" data-align=\"center\"><\/td><td class=\"has-text-align-center\" data-align=\"center\"><\/td><\/tr><tr><td class=\"has-text-align-center\" data-align=\"center\"><\/td><td class=\"has-text-align-center\" data-align=\"center\"><\/td><td class=\"has-text-align-center\" data-align=\"center\"><\/td><\/tr><tr><td class=\"has-text-align-center\" data-align=\"center\"><\/td><td class=\"has-text-align-center\" data-align=\"center\"><\/td><td class=\"has-text-align-center\" data-align=\"center\"><\/td><\/tr><tr><td class=\"has-text-align-center\" data-align=\"center\"><\/td><td class=\"has-text-align-center\" data-align=\"center\"><\/td><td class=\"has-text-align-center\" data-align=\"center\"><\/td><\/tr><tr><td class=\"has-text-align-center\" data-align=\"center\"><\/td><td class=\"has-text-align-center\" data-align=\"center\"><\/td><td class=\"has-text-align-center\" data-align=\"center\"><\/td><\/tr><tr><td class=\"has-text-align-center\" data-align=\"center\"><\/td><td class=\"has-text-align-center\" data-align=\"center\"><\/td><td class=\"has-text-align-center\" data-align=\"center\"><\/td><\/tr><tr><td class=\"has-text-align-center\" data-align=\"center\"><\/td><td class=\"has-text-align-center\" data-align=\"center\"><\/td><td class=\"has-text-align-center\" data-align=\"center\"><\/td><\/tr><tr><td class=\"has-text-align-center\" data-align=\"center\"><\/td><td class=\"has-text-align-center\" data-align=\"center\"><\/td><td class=\"has-text-align-center\" data-align=\"center\"><\/td><\/tr><tr><td class=\"has-text-align-center\" data-align=\"center\"><\/td><td class=\"has-text-align-center\" data-align=\"center\"><\/td><td class=\"has-text-align-center\" data-align=\"center\"><\/td><\/tr><tr><td class=\"has-text-align-center\" data-align=\"center\"><\/td><td class=\"has-text-align-center\" data-align=\"center\"><\/td><td class=\"has-text-align-center\" data-align=\"center\"><\/td><\/tr><tr><td class=\"has-text-align-center\" data-align=\"center\"><\/td><td class=\"has-text-align-center\" data-align=\"center\"><\/td><td class=\"has-text-align-center\" data-align=\"center\"><\/td><\/tr><tr><td class=\"has-text-align-center\" data-align=\"center\"><\/td><td class=\"has-text-align-center\" data-align=\"center\"><\/td><td class=\"has-text-align-center\" data-align=\"center\"><\/td><\/tr><tr><td class=\"has-text-align-center\" data-align=\"center\"><\/td><td class=\"has-text-align-center\" data-align=\"center\"><\/td><td class=\"has-text-align-center\" data-align=\"center\"><\/td><\/tr><tr><td class=\"has-text-align-center\" data-align=\"center\"><\/td><td class=\"has-text-align-center\" data-align=\"center\"><\/td><td class=\"has-text-align-center\" data-align=\"center\"><\/td><\/tr><tr><td class=\"has-text-align-center\" data-align=\"center\"><\/td><td class=\"has-text-align-center\" data-align=\"center\"><\/td><td class=\"has-text-align-center\" data-align=\"center\"><\/td><\/tr><tr><td class=\"has-text-align-center\" data-align=\"center\"><\/td><td class=\"has-text-align-center\" data-align=\"center\"><\/td><td class=\"has-text-align-center\" data-align=\"center\"><\/td><\/tr><tr><td class=\"has-text-align-center\" data-align=\"center\"><\/td><td class=\"has-text-align-center\" data-align=\"center\"><\/td><td class=\"has-text-align-center\" data-align=\"center\"><\/td><\/tr><tr><td class=\"has-text-align-center\" data-align=\"center\"><\/td><td class=\"has-text-align-center\" data-align=\"center\"><\/td><td class=\"has-text-align-center\" data-align=\"center\"><\/td><\/tr><tr><td class=\"has-text-align-center\" data-align=\"center\"><\/td><td class=\"has-text-align-center\" data-align=\"center\"><\/td><td class=\"has-text-align-center\" data-align=\"center\"><\/td><\/tr><tr><td class=\"has-text-align-center\" data-align=\"center\"><\/td><td class=\"has-text-align-center\" data-align=\"center\"><\/td><td class=\"has-text-align-center\" data-align=\"center\"><\/td><\/tr><\/tbody><\/table><\/figure>\n","protected":false},"excerpt":{"rendered":"<p>BARANYA MEGYE: Forr\u00e1s neve Telep\u00fcl\u00e9s Fogyaszt\u00e9sra val\u00f3 alkalmass\u00e1g Aligv\u00e1r-forr\u00e1s Boldogasszonyfa&#8211;Terecseny Fogyaszt\u00e1sra nem alkalmas Alm\u00e1s-forr\u00e1s Almamell\u00e9k-Sasr\u00e9t Fogyaszt\u00e1sra nem alkalmas<\/p>\n","protected":false},"author":1,"featured_media":0,"parent":0,"menu_order":0,"comment_status":"closed","ping_status":"closed","template":"","meta":[],"_links":{"self":[{"href":"https:\/\/asvanyviz.hu\/index.php\/wp-json\/wp\/v2\/pages\/152"}],"collection":[{"href":"https:\/\/asvanyviz.hu\/index.php\/wp-json\/wp\/v2\/pages"}],"about":[{"href":"https:\/\/asvanyviz.hu\/index.php\/wp-json\/wp\/v2\/types\/page"}],"author":[{"embeddable":true,"href":"https:\/\/asvanyviz.hu\/index.php\/wp-json\/wp\/v2\/users\/1"}],"replies":[{"embeddable":true,"href":"https:\/\/asvanyviz.hu\/index.php\/wp-json\/wp\/v2\/comments?post=152"}],"version-history":[{"count":16,"href":"https:\/\/asvanyviz.hu\/index.php\/wp-json\/wp\/v2\/pages\/152\/revisions"}],"predecessor-version":[{"id":248,"href":"https:\/\/asvanyviz.hu\/index.php\/wp-json\/wp\/v2\/pages\/152\/revisions\/248"}],"wp:attachment":[{"href":"https:\/\/asvanyviz.hu\/index.php\/wp-json\/wp\/v2\/media?parent=152"}],"curies":[{"name":"wp","href":"https:\/\/api.w.org\/{rel}","templated":true}]}}