{"id":5,"date":"2021-11-22T18:43:13","date_gmt":"2021-11-22T18:43:13","guid":{"rendered":"https:\/\/asvanyviz.hu\/?page_id=5"},"modified":"2022-02-02T20:29:28","modified_gmt":"2022-02-02T20:29:28","slug":"keszitse-el-webhelyet-blokkokkal","status":"publish","type":"page","link":"https:\/\/asvanyviz.hu\/","title":{"rendered":"K\u00e9sz\u00edtse el webhely\u00e9t blokkokkal"},"content":{"rendered":"\n<h2 class=\"alignwide has-text-align-wide has-gigantic-font-size\" style=\"line-height:1.1\"><\/h2>\n\n\n\n<p><\/p>\n\n\n\n<div class=\"wp-block-columns alignwide is-style-default\">\n<div class=\"wp-block-column is-vertically-aligned-center\">\n<div class=\"wp-block-columns\">\n<div class=\"wp-block-column\" style=\"flex-basis:100%\"><\/div>\n<\/div>\n\n\n\n<div style=\"height:100px\" aria-hidden=\"true\" class=\"wp-block-spacer\"><\/div>\n<\/div>\n\n\n\n<div class=\"wp-block-column is-vertically-aligned-top\">\n<div style=\"height:100px\" aria-hidden=\"true\" class=\"wp-block-spacer\"><\/div>\n<\/div>\n<\/div>\n\n\n\n<div style=\"height:50px\" aria-hidden=\"true\" class=\"wp-block-spacer\"><\/div>\n\n\n\n<div class=\"wp-block-columns alignwide is-style-twentytwentyone-columns-overlap\">\n<div class=\"wp-block-column is-vertically-aligned-top\">\n<div class=\"wp-block-image is-style-twentytwentyone-border\"><figure class=\"alignleft size-full is-resized\"><a href=\"https:\/\/asvanyviz.hu\/index.php\/asvanyvizek\/\"><img loading=\"lazy\" src=\"https:\/\/asvanyviz.hu\/wp-content\/uploads\/2021\/12\/buborekok-1.jpg\" alt=\"\" class=\"wp-image-146\" width=\"800\" height=\"450\"\/><\/a><figcaption><strong>\u00c1SV\u00c1NYVIZEK<\/strong><\/figcaption><\/figure><\/div>\n\n\n\n<div class=\"wp-block-image is-style-twentytwentyone-border\"><figure class=\"aligncenter size-large is-resized\"><a href=\"https:\/\/asvanyviz.hu\/index.php\/gyogyvizek\/\"><img loading=\"lazy\" src=\"https:\/\/asvanyviz.hu\/wp-content\/uploads\/2021\/11\/gyogyviz-1024x681.jpg\" alt=\"\" class=\"wp-image-30\" width=\"800\" height=\"450\"\/><\/a><figcaption><strong>GY\u00d3GYF\u00dcRD\u0150K<\/strong><\/figcaption><\/figure><\/div>\n\n\n\n<div class=\"wp-block-image is-style-twentytwentyone-border\"><figure class=\"alignright size-full is-resized\"><a href=\"https:\/\/asvanyviz.hu\/index.php\/forrasvizek\/\"><img loading=\"lazy\" src=\"https:\/\/asvanyviz.hu\/wp-content\/uploads\/2021\/11\/forras.jpg\" alt=\"\" class=\"wp-image-31\" width=\"800\" height=\"450\"\/><\/a><figcaption><strong>FORR\u00c1SVIZEK<\/strong><\/figcaption><\/figure><\/div>\n\n\n\n<p><\/p>\n<\/div>\n<\/div>\n\n\n\n<div style=\"height:100px\" aria-hidden=\"true\" class=\"wp-block-spacer\"><\/div>\n\n\n\n<p class=\"has-text-align-center has-large-font-size\" style=\"line-height:3\">T\u00c1MOGAT\u00d3K:<\/p>\n\n\n\n<div class=\"wp-block-cover alignwide has-yellow-background-color has-background-dim is-style-twentytwentyone-border\" style=\"min-height:961px\"><div class=\"wp-block-cover__inner-container\">\n<div style=\"height:20px\" aria-hidden=\"true\" class=\"wp-block-spacer\"><\/div>\n\n\n\n<div class=\"wp-block-buttons\">\n<div class=\"wp-block-button has-custom-width wp-block-button__width-50\"><a class=\"wp-block-button__link has-black-color has-yellow-background-color has-text-color has-background\" href=\"http:\/\/buda.hu\" target=\"_blank\" rel=\"noreferrer noopener\"><strong><em>BUDA<\/em><\/strong><\/a><\/div>\n\n\n\n<div class=\"wp-block-button has-custom-width wp-block-button__width-50\"><a class=\"wp-block-button__link has-dark-gray-color has-yellow-background-color has-text-color has-background\" href=\"http:\/\/eu-nem.hu\" target=\"_blank\" rel=\"noreferrer noopener\"><strong><em>EU-NEM<\/em><\/strong><\/a><\/div>\n\n\n\n<div class=\"wp-block-button has-custom-width wp-block-button__width-50\"><a class=\"wp-block-button__link has-black-color has-yellow-background-color has-text-color has-background\" href=\"http:\/\/www.festmeny.net\" target=\"_blank\" rel=\"noreferrer noopener\"><strong><em>FESTM\u00c9NYEK<\/em><\/strong><\/a><\/div>\n\n\n\n<div class=\"wp-block-button has-custom-width wp-block-button__width-50 is-style-fill\"><a class=\"wp-block-button__link has-black-color has-yellow-background-color has-text-color has-background\" href=\"http:\/\/konyvaruda.hu\" target=\"_blank\" rel=\"noreferrer noopener\"><em>K\u00d6NYVEK<\/em><\/a><\/div>\n\n\n\n<div class=\"wp-block-button has-custom-width wp-block-button__width-50\"><a class=\"wp-block-button__link has-black-color has-yellow-background-color has-text-color has-background\" href=\"http:\/\/neuron.co.hu\" target=\"_blank\" rel=\"noreferrer noopener\"><strong><em>NEURON Kft.<\/em><\/strong><\/a><\/div>\n\n\n\n<div class=\"wp-block-button has-custom-width wp-block-button__width-50 is-style-fill\"><a class=\"wp-block-button__link has-black-color has-yellow-background-color has-text-color has-background\" href=\"www.patchzone.hu\" target=\"_blank\" rel=\"noreferrer noopener\"><strong><em>PATCHZONE<\/em><\/strong><\/a><\/div>\n\n\n\n<div class=\"wp-block-button has-custom-width wp-block-button__width-50\"><a class=\"wp-block-button__link has-black-color has-yellow-background-color has-text-color has-background\" href=\"http:\/\/fotok.eu\" target=\"_blank\" rel=\"noreferrer noopener\"><em>F\u00c9NYK\u00c9PEK<\/em><\/a><\/div>\n\n\n\n<div class=\"wp-block-button has-custom-width wp-block-button__width-50 has-custom-font-size has-large-font-size\"><a class=\"wp-block-button__link has-black-color has-yellow-background-color has-text-color has-background\" href=\"http:\/\/olaj.net\" target=\"_blank\" rel=\"noreferrer noopener\"><em>Olajok<\/em><\/a><\/div>\n\n\n\n<div class=\"wp-block-button has-custom-width wp-block-button__width-50\"><a class=\"wp-block-button__link has-black-color has-yellow-background-color has-text-color has-background\" href=\"http:\/\/karpat-medence.eu\" target=\"_blank\" rel=\"noreferrer noopener\"><em>K\u00c1RP\u00c1T-MEDENCE<\/em><\/a><\/div>\n\n\n\n<div class=\"wp-block-button has-custom-width wp-block-button__width-50\"><a class=\"wp-block-button__link has-black-color has-yellow-background-color has-text-color has-background\" href=\"http:\/\/antikvilag.hu\" target=\"_blank\" rel=\"noreferrer noopener\"><em>ANTIKVIL\u00c1G<\/em><\/a><\/div>\n\n\n\n<div class=\"wp-block-button has-custom-width wp-block-button__width-50\"><a class=\"wp-block-button__link has-black-color has-yellow-background-color has-text-color has-background\" href=\"http:\/\/tabak.hu\" target=\"_blank\" rel=\"noreferrer noopener\"><em>TABAK<\/em><\/a><\/div>\n\n\n\n<div class=\"wp-block-button has-custom-width wp-block-button__width-50\"><a class=\"wp-block-button__link has-black-color has-yellow-background-color has-text-color has-background\" href=\"http:\/\/e-mese.eu\" target=\"_blank\" rel=\"noreferrer noopener\"><em>MES\u00c9K<\/em><\/a><\/div>\n\n\n\n<div class=\"wp-block-button has-custom-width wp-block-button__width-50\"><a class=\"wp-block-button__link has-black-color has-yellow-background-color has-text-color has-background\" href=\"http:\/\/nagymagyarorszag.eu\" target=\"_blank\" rel=\"noreferrer noopener\"><em>NAGYMAGYARORSZ\u00c1G<\/em><\/a><\/div>\n<\/div>\n\n\n\n<div style=\"height:75px\" aria-hidden=\"true\" class=\"wp-block-spacer\"><\/div>\n\n\n\n<div class=\"wp-block-columns\">\n<div class=\"wp-block-column\">\n<p><\/p>\n<\/div>\n\n\n\n<div class=\"wp-block-column\">\n<p><\/p>\n<\/div>\n<\/div>\n\n\n\n<div style=\"height:20px\" aria-hidden=\"true\" class=\"wp-block-spacer\"><\/div>\n<\/div><\/div>\n","protected":false},"excerpt":{"rendered":"<p>T\u00c1MOGAT\u00d3K:<\/p>\n","protected":false},"author":1,"featured_media":0,"parent":0,"menu_order":0,"comment_status":"closed","ping_status":"closed","template":"","meta":[],"_links":{"self":[{"href":"https:\/\/asvanyviz.hu\/index.php\/wp-json\/wp\/v2\/pages\/5"}],"collection":[{"href":"https:\/\/asvanyviz.hu\/index.php\/wp-json\/wp\/v2\/pages"}],"about":[{"href":"https:\/\/asvanyviz.hu\/index.php\/wp-json\/wp\/v2\/types\/page"}],"author":[{"embeddable":true,"href":"https:\/\/asvanyviz.hu\/index.php\/wp-json\/wp\/v2\/users\/1"}],"replies":[{"embeddable":true,"href":"https:\/\/asvanyviz.hu\/index.php\/wp-json\/wp\/v2\/comments?post=5"}],"version-history":[{"count":74,"href":"https:\/\/asvanyviz.hu\/index.php\/wp-json\/wp\/v2\/pages\/5\/revisions"}],"predecessor-version":[{"id":376,"href":"https:\/\/asvanyviz.hu\/index.php\/wp-json\/wp\/v2\/pages\/5\/revisions\/376"}],"wp:attachment":[{"href":"https:\/\/asvanyviz.hu\/index.php\/wp-json\/wp\/v2\/media?parent=5"}],"curies":[{"name":"wp","href":"https:\/\/api.w.org\/{rel}","templated":true}]}}