{"id":6,"date":"2021-11-22T18:43:13","date_gmt":"2021-11-22T18:43:13","guid":{"rendered":"https:\/\/asvanyviz.hu\/?page_id=6"},"modified":"2021-11-22T18:43:13","modified_gmt":"2021-11-22T18:43:13","slug":"rolunk","status":"publish","type":"page","link":"https:\/\/asvanyviz.hu\/index.php\/rolunk\/","title":{"rendered":"R\u00f3lunk"},"content":{"rendered":"\n<p>Egy m\u0171v\u00e9szember itt is bemutathatja mag\u00e1t, a munk\u00e1it, vagy egy \u00fczletember a a v\u00e1llalkoz\u00e1s\u00e1t, k\u00fcldet\u00e9s\u00e9t \u00edrhatja ide.<\/p>\n","protected":false},"excerpt":{"rendered":"<p>Egy m\u0171v\u00e9szember itt is bemutathatja mag\u00e1t, a munk\u00e1it, vagy egy \u00fczletember a a v\u00e1llalkoz\u00e1s\u00e1t, k\u00fcldet\u00e9s\u00e9t \u00edrhatja ide.<\/p>\n","protected":false},"author":1,"featured_media":0,"parent":0,"menu_order":0,"comment_status":"closed","ping_status":"closed","template":"","meta":[],"_links":{"self":[{"href":"https:\/\/asvanyviz.hu\/index.php\/wp-json\/wp\/v2\/pages\/6"}],"collection":[{"href":"https:\/\/asvanyviz.hu\/index.php\/wp-json\/wp\/v2\/pages"}],"about":[{"href":"https:\/\/asvanyviz.hu\/index.php\/wp-json\/wp\/v2\/types\/page"}],"author":[{"embeddable":true,"href":"https:\/\/asvanyviz.hu\/index.php\/wp-json\/wp\/v2\/users\/1"}],"replies":[{"embeddable":true,"href":"https:\/\/asvanyviz.hu\/index.php\/wp-json\/wp\/v2\/comments?post=6"}],"version-history":[{"count":1,"href":"https:\/\/asvanyviz.hu\/index.php\/wp-json\/wp\/v2\/pages\/6\/revisions"}],"predecessor-version":[{"id":11,"href":"https:\/\/asvanyviz.hu\/index.php\/wp-json\/wp\/v2\/pages\/6\/revisions\/11"}],"wp:attachment":[{"href":"https:\/\/asvanyviz.hu\/index.php\/wp-json\/wp\/v2\/media?parent=6"}],"curies":[{"name":"wp","href":"https:\/\/api.w.org\/{rel}","templated":true}]}}