{"id":7,"date":"2021-11-22T18:43:13","date_gmt":"2021-11-22T18:43:13","guid":{"rendered":"https:\/\/asvanyviz.hu\/?page_id=7"},"modified":"2021-11-22T19:50:44","modified_gmt":"2021-11-22T19:50:44","slug":"elerhetoseg","status":"publish","type":"page","link":"https:\/\/asvanyviz.hu\/index.php\/elerhetoseg\/","title":{"rendered":"El\u00e9rhet\u0151s\u00e9g"},"content":{"rendered":"\n<p class=\"wp-elements-69df7caca4f94 has-text-align-center has-dark-gray-color has-yellow-background-color has-text-color has-background has-link-color has-extra-large-font-size\">gatis@luna.hu.<\/p>\n<style>.wp-elements-69df7caca4f94 a{color: var(--wp--preset--color--green) !important;}<\/style>\n","protected":false},"excerpt":{"rendered":"<p>gatis@luna.hu.<\/p>\n","protected":false},"author":1,"featured_media":0,"parent":0,"menu_order":0,"comment_status":"closed","ping_status":"closed","template":"","meta":[],"_links":{"self":[{"href":"https:\/\/asvanyviz.hu\/index.php\/wp-json\/wp\/v2\/pages\/7"}],"collection":[{"href":"https:\/\/asvanyviz.hu\/index.php\/wp-json\/wp\/v2\/pages"}],"about":[{"href":"https:\/\/asvanyviz.hu\/index.php\/wp-json\/wp\/v2\/types\/page"}],"author":[{"embeddable":true,"href":"https:\/\/asvanyviz.hu\/index.php\/wp-json\/wp\/v2\/users\/1"}],"replies":[{"embeddable":true,"href":"https:\/\/asvanyviz.hu\/index.php\/wp-json\/wp\/v2\/comments?post=7"}],"version-history":[{"count":3,"href":"https:\/\/asvanyviz.hu\/index.php\/wp-json\/wp\/v2\/pages\/7\/revisions"}],"predecessor-version":[{"id":36,"href":"https:\/\/asvanyviz.hu\/index.php\/wp-json\/wp\/v2\/pages\/7\/revisions\/36"}],"wp:attachment":[{"href":"https:\/\/asvanyviz.hu\/index.php\/wp-json\/wp\/v2\/media?parent=7"}],"curies":[{"name":"wp","href":"https:\/\/api.w.org\/{rel}","templated":true}]}}